{"id":13282,"date":"2022-09-14T15:38:11","date_gmt":"2022-09-14T15:38:11","guid":{"rendered":"https:\/\/www.annalu.it\/?page_id=13282"},"modified":"2022-09-14T17:14:59","modified_gmt":"2022-09-14T17:14:59","slug":"17th-contemporary-istanbul","status":"publish","type":"page","link":"https:\/\/www.annalu.it\/en\/17th-contemporary-istanbul\/","title":{"rendered":"17th CONTEMPORARY ISTANBUL"},"content":{"rendered":"<div class=\"wpb-content-wrapper\">[vc_row curly_padding=&#8221;content-padding&#8221; css=&#8221;.vc_custom_1504195713546{padding-bottom: 0px !important;}&#8221;][vc_column][vc_column_text]\n<h2 class=\"special-title\" style=\"text-align: center;\">17th CONTEMPORARY ISTANBUL<\/h2>\n<h4 style=\"text-align: center;\"><strong>17-18 September<\/strong>, 2022\u00a0\u00a0 |\u00a0\u00a0 VIP Preview<br \/>\n<strong>19-22 September<\/strong>, 2022\u00a0\u00a0 | \u00a0 General Admission<\/h4>\n<h4><\/h4>\n<h4 style=\"text-align: center;\"><strong>BOOTH: T8 &#8211; 24<\/strong><\/h4>\n[\/vc_column_text][\/vc_column][\/vc_row][vc_row][vc_column][vc_column_text]\n<h6 style=\"text-align: center;\">I am happy to announce\u00a0the participation to the 17th Edition of the Contemporary Istanbul art fair, with Oblong Contemporary Art from the 17th to the 22nd of september 2022.<\/h6>\n<h6 style=\"text-align: center;\">Artists:\u00a0<strong>Annal\u00f9<\/strong>, Cveto Marsi\u010d, Antonio Signorini, Stefano Bombardieri, Gustavo V\u00e9lez and Enrico Ghinato.<\/h6>\n<h6 style=\"text-align: center;\">Contemporary Istanbul is the leading art fair in the region and a major platform connecting artists, galleries, and collectors from around the world. Launched in 2006, it is committed to showcasing exceptional contemporary art and advancing new ideas. Strongly rooted in the rich local context, the fair actively contributes to the dynamic culture of Istanbul and supports its creative industries. Through new initiatives and multiple collaborations with Turkish and international partners, Contemporary Istanbul is aiming to shape the future of art in the region.<\/h6>\n<h6 style=\"text-align: center;\"><span style=\"color: inherit; font-family: inherit; font-size: 1rem;\">EVENT VENUE<br \/>\n<\/span>Hali\u00e7 Camii Kebir Mahallesi Ta\u015fk\u0131zak, Tersane Cd. No:5, 34440 Beyo\u011flu\/\u0130stanbul<\/h6>\n<p>&nbsp;<\/p>\n<h6 style=\"text-align: center;\"><a href=\"https:\/\/contemporaryistanbul.com\" target=\"_blank\" rel=\"noopener\"><strong>contemporaryistanbul.com<\/strong><\/a><\/h6>\n[\/vc_column_text][vc_single_image image=&#8221;13289&#8243; img_size=&#8221;large&#8221; alignment=&#8221;center&#8221;][vc_single_image image=&#8221;13291&#8243; img_size=&#8221;large&#8221; alignment=&#8221;center&#8221;][vc_single_image image=&#8221;13293&#8243; img_size=&#8221;large&#8221; alignment=&#8221;center&#8221;][vc_single_image image=&#8221;13295&#8243; img_size=&#8221;large&#8221; alignment=&#8221;center&#8221;][vc_column_text]\n<h6 style=\"text-align: center;\"><strong>Dreamcatcher blue Orient<\/strong> cm 110x110x15; 2022; resin glass, Murano Glass, silver leaf, ash, paper, ink<br \/>\n<strong>Dreamcatcher heart gold<\/strong> cm 90x90x10; 2022; resinglass, Murano Glass, gold leaf, ink, paper, ash<br \/>\n<strong>Dreamcatcher light in the sky<\/strong> cm 140x140x20; 2022; resingalss, Murano, ink, paper, ash<br \/>\n<strong>Dreamcatcher Nettuno<\/strong> cm 120x120x15; resinglass, Murano Glass, ink, paper<\/h6>\n[\/vc_column_text][\/vc_column][\/vc_row][vc_row][vc_column][vc_single_image image=&#8221;13301&#8243; img_size=&#8221;medium&#8221; alignment=&#8221;center&#8221; onclick=&#8221;custom_link&#8221; img_link_target=&#8221;_blank&#8221; link=&#8221;https:\/\/oblongcontemporary.com\/artists\/121-annalu\/&#8221;][\/vc_column][\/vc_row]\n<\/div>","protected":false},"excerpt":{"rendered":"<p>[vc_row curly_padding=&#8221;content-padding&#8221; css=&#8221;.vc_custom_1504195713546{padding-bottom: 0px !important;}&#8221;][vc_column][vc_column_text] 17th CONTEMPORARY ISTANBUL 17-18 September, 2022\u00a0\u00a0 |\u00a0\u00a0 VIP Preview 19-22 September, 2022\u00a0\u00a0 | \u00a0 General Admission BOOTH: T8 &#8211; 24 [\/vc_column_text][\/vc_column][\/vc_row][vc_row][vc_column][vc_column_text] I am happy to announce\u00a0the participation to the 17th Edition of the Contemporary Istanbul art fair, with Oblong Contemporary Art from the 17th to the 22nd of september 2022. Artists:\u00a0Annal\u00f9, Cveto Marsi\u010d, Antonio Signorini, [&hellip;]<\/p>\n","protected":false},"author":6,"featured_media":0,"parent":0,"menu_order":0,"comment_status":"closed","ping_status":"closed","template":"","meta":{"_acf_changed":false,"_monsterinsights_skip_tracking":false,"_monsterinsights_sitenote_active":false,"_monsterinsights_sitenote_note":"","_monsterinsights_sitenote_category":0,"footnotes":""},"class_list":["post-13282","page","type-page","status-publish","hentry"],"acf":[],"yoast_head":"<!-- This site is optimized with the Yoast SEO plugin v27.4 - https:\/\/yoast.com\/product\/yoast-seo-wordpress\/ -->\n<title>17th CONTEMPORARY ISTANBUL - Annal\u00f9<\/title>\n<meta name=\"robots\" content=\"index, follow, max-snippet:-1, max-image-preview:large, max-video-preview:-1\" \/>\n<link rel=\"canonical\" href=\"https:\/\/www.annalu.it\/en\/17th-contemporary-istanbul\/\" \/>\n<meta property=\"og:locale\" content=\"en_US\" \/>\n<meta property=\"og:type\" content=\"article\" \/>\n<meta property=\"og:title\" content=\"17th CONTEMPORARY ISTANBUL - Annal\u00f9\" \/>\n<meta property=\"og:description\" content=\"[vc_row curly_padding=&#8221;content-padding&#8221; css=&#8221;.vc_custom_1504195713546{padding-bottom: 0px !important;}&#8221;][vc_column][vc_column_text] 17th CONTEMPORARY ISTANBUL 17-18 September, 2022\u00a0\u00a0 |\u00a0\u00a0 VIP Preview 19-22 September, 2022\u00a0\u00a0 | \u00a0 General Admission BOOTH: T8 &#8211; 24 [\/vc_column_text][\/vc_column][\/vc_row][vc_row][vc_column][vc_column_text] I am happy to announce\u00a0the participation to the 17th Edition of the Contemporary Istanbul art fair, with Oblong Contemporary Art from the 17th to the 22nd of september 2022. Artists:\u00a0Annal\u00f9, Cveto Marsi\u010d, Antonio Signorini, [&hellip;]\" \/>\n<meta property=\"og:url\" content=\"https:\/\/www.annalu.it\/en\/17th-contemporary-istanbul\/\" \/>\n<meta property=\"og:site_name\" content=\"Annal\u00f9\" \/>\n<meta property=\"article:modified_time\" content=\"2022-09-14T17:14:59+00:00\" \/>\n<meta name=\"twitter:card\" content=\"summary_large_image\" \/>\n<meta name=\"twitter:label1\" content=\"Est. reading time\" \/>\n\t<meta name=\"twitter:data1\" content=\"2 minutes\" \/>\n<script type=\"application\/ld+json\" class=\"yoast-schema-graph\">{\"@context\":\"https:\\\/\\\/schema.org\",\"@graph\":[{\"@type\":\"WebPage\",\"@id\":\"https:\\\/\\\/www.annalu.it\\\/en\\\/17th-contemporary-istanbul\\\/\",\"url\":\"https:\\\/\\\/www.annalu.it\\\/en\\\/17th-contemporary-istanbul\\\/\",\"name\":\"17th CONTEMPORARY ISTANBUL - Annal\u00f9\",\"isPartOf\":{\"@id\":\"https:\\\/\\\/www.annalu.it\\\/en\\\/#website\"},\"datePublished\":\"2022-09-14T15:38:11+00:00\",\"dateModified\":\"2022-09-14T17:14:59+00:00\",\"breadcrumb\":{\"@id\":\"https:\\\/\\\/www.annalu.it\\\/en\\\/17th-contemporary-istanbul\\\/#breadcrumb\"},\"inLanguage\":\"en-US\",\"potentialAction\":[{\"@type\":\"ReadAction\",\"target\":[\"https:\\\/\\\/www.annalu.it\\\/en\\\/17th-contemporary-istanbul\\\/\"]}]},{\"@type\":\"BreadcrumbList\",\"@id\":\"https:\\\/\\\/www.annalu.it\\\/en\\\/17th-contemporary-istanbul\\\/#breadcrumb\",\"itemListElement\":[{\"@type\":\"ListItem\",\"position\":1,\"name\":\"Home\",\"item\":\"https:\\\/\\\/www.annalu.it\\\/en\\\/\"},{\"@type\":\"ListItem\",\"position\":2,\"name\":\"17th CONTEMPORARY ISTANBUL\"}]},{\"@type\":\"WebSite\",\"@id\":\"https:\\\/\\\/www.annalu.it\\\/en\\\/#website\",\"url\":\"https:\\\/\\\/www.annalu.it\\\/en\\\/\",\"name\":\"Annal\u00f9\",\"description\":\"\",\"publisher\":{\"@id\":\"https:\\\/\\\/www.annalu.it\\\/en\\\/#organization\"},\"potentialAction\":[{\"@type\":\"SearchAction\",\"target\":{\"@type\":\"EntryPoint\",\"urlTemplate\":\"https:\\\/\\\/www.annalu.it\\\/en\\\/?s={search_term_string}\"},\"query-input\":{\"@type\":\"PropertyValueSpecification\",\"valueRequired\":true,\"valueName\":\"search_term_string\"}}],\"inLanguage\":\"en-US\"},{\"@type\":\"Organization\",\"@id\":\"https:\\\/\\\/www.annalu.it\\\/en\\\/#organization\",\"name\":\"Annal\u00f9 Boeretto\",\"alternateName\":\"Annal\u00f9 Boeretto\",\"url\":\"https:\\\/\\\/www.annalu.it\\\/en\\\/\",\"logo\":{\"@type\":\"ImageObject\",\"inLanguage\":\"en-US\",\"@id\":\"https:\\\/\\\/www.annalu.it\\\/en\\\/#\\\/schema\\\/logo\\\/image\\\/\",\"url\":\"https:\\\/\\\/www.annalu.it\\\/wp-content\\\/uploads\\\/2020\\\/07\\\/logo-2x-1.png\",\"contentUrl\":\"https:\\\/\\\/www.annalu.it\\\/wp-content\\\/uploads\\\/2020\\\/07\\\/logo-2x-1.png\",\"width\":300,\"height\":166,\"caption\":\"Annal\u00f9 Boeretto\"},\"image\":{\"@id\":\"https:\\\/\\\/www.annalu.it\\\/en\\\/#\\\/schema\\\/logo\\\/image\\\/\"}}]}<\/script>\n<!-- \/ Yoast SEO plugin. -->","yoast_head_json":{"title":"17th CONTEMPORARY ISTANBUL - Annal\u00f9","robots":{"index":"index","follow":"follow","max-snippet":"max-snippet:-1","max-image-preview":"max-image-preview:large","max-video-preview":"max-video-preview:-1"},"canonical":"https:\/\/www.annalu.it\/en\/17th-contemporary-istanbul\/","og_locale":"en_US","og_type":"article","og_title":"17th CONTEMPORARY ISTANBUL - Annal\u00f9","og_description":"[vc_row curly_padding=&#8221;content-padding&#8221; css=&#8221;.vc_custom_1504195713546{padding-bottom: 0px !important;}&#8221;][vc_column][vc_column_text] 17th CONTEMPORARY ISTANBUL 17-18 September, 2022\u00a0\u00a0 |\u00a0\u00a0 VIP Preview 19-22 September, 2022\u00a0\u00a0 | \u00a0 General Admission BOOTH: T8 &#8211; 24 [\/vc_column_text][\/vc_column][\/vc_row][vc_row][vc_column][vc_column_text] I am happy to announce\u00a0the participation to the 17th Edition of the Contemporary Istanbul art fair, with Oblong Contemporary Art from the 17th to the 22nd of september 2022. Artists:\u00a0Annal\u00f9, Cveto Marsi\u010d, Antonio Signorini, [&hellip;]","og_url":"https:\/\/www.annalu.it\/en\/17th-contemporary-istanbul\/","og_site_name":"Annal\u00f9","article_modified_time":"2022-09-14T17:14:59+00:00","twitter_card":"summary_large_image","twitter_misc":{"Est. reading time":"2 minutes"},"schema":{"@context":"https:\/\/schema.org","@graph":[{"@type":"WebPage","@id":"https:\/\/www.annalu.it\/en\/17th-contemporary-istanbul\/","url":"https:\/\/www.annalu.it\/en\/17th-contemporary-istanbul\/","name":"17th CONTEMPORARY ISTANBUL - Annal\u00f9","isPartOf":{"@id":"https:\/\/www.annalu.it\/en\/#website"},"datePublished":"2022-09-14T15:38:11+00:00","dateModified":"2022-09-14T17:14:59+00:00","breadcrumb":{"@id":"https:\/\/www.annalu.it\/en\/17th-contemporary-istanbul\/#breadcrumb"},"inLanguage":"en-US","potentialAction":[{"@type":"ReadAction","target":["https:\/\/www.annalu.it\/en\/17th-contemporary-istanbul\/"]}]},{"@type":"BreadcrumbList","@id":"https:\/\/www.annalu.it\/en\/17th-contemporary-istanbul\/#breadcrumb","itemListElement":[{"@type":"ListItem","position":1,"name":"Home","item":"https:\/\/www.annalu.it\/en\/"},{"@type":"ListItem","position":2,"name":"17th CONTEMPORARY ISTANBUL"}]},{"@type":"WebSite","@id":"https:\/\/www.annalu.it\/en\/#website","url":"https:\/\/www.annalu.it\/en\/","name":"Annal\u00f9","description":"","publisher":{"@id":"https:\/\/www.annalu.it\/en\/#organization"},"potentialAction":[{"@type":"SearchAction","target":{"@type":"EntryPoint","urlTemplate":"https:\/\/www.annalu.it\/en\/?s={search_term_string}"},"query-input":{"@type":"PropertyValueSpecification","valueRequired":true,"valueName":"search_term_string"}}],"inLanguage":"en-US"},{"@type":"Organization","@id":"https:\/\/www.annalu.it\/en\/#organization","name":"Annal\u00f9 Boeretto","alternateName":"Annal\u00f9 Boeretto","url":"https:\/\/www.annalu.it\/en\/","logo":{"@type":"ImageObject","inLanguage":"en-US","@id":"https:\/\/www.annalu.it\/en\/#\/schema\/logo\/image\/","url":"https:\/\/www.annalu.it\/wp-content\/uploads\/2020\/07\/logo-2x-1.png","contentUrl":"https:\/\/www.annalu.it\/wp-content\/uploads\/2020\/07\/logo-2x-1.png","width":300,"height":166,"caption":"Annal\u00f9 Boeretto"},"image":{"@id":"https:\/\/www.annalu.it\/en\/#\/schema\/logo\/image\/"}}]}},"_links":{"self":[{"href":"https:\/\/www.annalu.it\/en\/wp-json\/wp\/v2\/pages\/13282","targetHints":{"allow":["GET"]}}],"collection":[{"href":"https:\/\/www.annalu.it\/en\/wp-json\/wp\/v2\/pages"}],"about":[{"href":"https:\/\/www.annalu.it\/en\/wp-json\/wp\/v2\/types\/page"}],"author":[{"embeddable":true,"href":"https:\/\/www.annalu.it\/en\/wp-json\/wp\/v2\/users\/6"}],"replies":[{"embeddable":true,"href":"https:\/\/www.annalu.it\/en\/wp-json\/wp\/v2\/comments?post=13282"}],"version-history":[{"count":22,"href":"https:\/\/www.annalu.it\/en\/wp-json\/wp\/v2\/pages\/13282\/revisions"}],"predecessor-version":[{"id":13341,"href":"https:\/\/www.annalu.it\/en\/wp-json\/wp\/v2\/pages\/13282\/revisions\/13341"}],"wp:attachment":[{"href":"https:\/\/www.annalu.it\/en\/wp-json\/wp\/v2\/media?parent=13282"}],"curies":[{"name":"wp","href":"https:\/\/api.w.org\/{rel}","templated":true}]}}