{"id":14812,"date":"2023-10-13T10:26:18","date_gmt":"2023-10-13T10:26:18","guid":{"rendered":"https:\/\/www.annalu.it\/?page_id=14812"},"modified":"2023-10-13T10:27:41","modified_gmt":"2023-10-13T10:27:41","slug":"18th-contemporary-istanbul","status":"publish","type":"page","link":"https:\/\/www.annalu.it\/en\/18th-contemporary-istanbul\/","title":{"rendered":"18th CONTEMPORARY ISTANBUL"},"content":{"rendered":"<div class=\"wpb-content-wrapper\">[vc_row curly_padding=&#8221;content-padding&#8221; css=&#8221;.vc_custom_1504195713546{padding-bottom: 0px !important;}&#8221;][vc_column][vc_column_text]\n<h2 class=\"special-title\" style=\"text-align: center;\">DREAMLIKE<br \/>\nSolo Show &#8211; Sconci Gallery<br \/>\nContemporary Istanbul<\/h2>\n<h4 style=\"text-align: center;\"><strong>26 September &#8211; 1<\/strong><strong>\u00a0October\u00a0<\/strong>2023<\/h4>\n<h4 style=\"text-align: center;\">BOOTH T17-13<\/h4>\n[\/vc_column_text][\/vc_column][\/vc_row][vc_row][vc_column][vc_column_text]\n<h6 style=\"text-align: center;\">Contemporary Istanbul is the leading art fair in the region and a major platform connecting artists, galleries, and collectors from around the world. Launched in 2006, it is committed to showcasing exceptional contemporary art and advancing new ideas. Strongly rooted in the rich local context, the fair actively contributes to the dynamic culture of Istanbul and supports its creative industries. Through new initiatives and multiple collaborations with Turkish and international partners, Contemporary Istanbul is aiming to shape the future of art in the region.<\/h6>\n<h6><\/h6>\n<h6 style=\"text-align: center;\"><em>EVENT VENUE<\/em><br \/>\nHali\u00e7 Camii Kebir Mahallesi Ta\u015fk\u0131zak, Tersane Cd. No:5, 34440 Beyo\u011flu\/\u0130stanbul<\/h6>\n<h6 style=\"text-align: center;\"><a href=\"https:\/\/contemporaryistanbul.com\" target=\"_blank\" rel=\"noopener\"><strong>contemporaryistanbul.com<\/strong><\/a><\/h6>\n[\/vc_column_text][vc_single_image image=&#8221;14807&#8243; img_size=&#8221;large&#8221; alignment=&#8221;center&#8221;][vc_column_text]\n<h5 style=\"text-align: center;\"><b>Dreamlike represents a glimpse into the universe of Annal\u00f9 <\/b>(Venice, Italy 1976), <strong>an artist with a germinating imagination, where nature is declined in liquid forms through a fantastic vision in which alchemy is lightness.<\/strong><\/h5>\n<h5 style=\"text-align: center;\">Inside the perforated texture of the dreamcatchers, metamorphoses of impossible, bright colored butterflies develop, where the worlds of air and water contaminate and interpenetrate each other. These butterflies are swimming, and the central splash becomes a portal to other dimensions.<span class=\"Apple-converted-space\">\u00a0 <\/span>Furthermore, the use of the archetypal circular shape, and of the butterfly as the basic element (butterfly = soul) amplify this vision of impalpable lightness and at the same time of baroque dynamism, in which all the power of the cosmos seems to condense.<\/h5>\n<h5 style=\"text-align: center;\">The central part, in Murano glass, represents a real jewel. It has been created in the only furnace in Venice that has been active since 1300, using a secret technique handed down over the centuries.<\/h5>\n<h5 style=\"text-align: center;\">The two Kengai trees presented are symbolic examples of Annal\u00f9\u2019s \u201cemotional trees\u201d: natural constructions with a gnarled body and branches that, similar to long arms, are anchored to the sky through a luxuriant crown made of dismembered wings.<\/h5>\n<h5 style=\"text-align: center;\"><span class=\"Apple-converted-space\">\u00a0<\/span><\/h5>\n<h5 style=\"text-align: center;\">From the resin, heavily used in all of Annal\u00f9\u2019s sculptures, comes a highly poetic work played on the short circuit between the natural fact and a sumptuous artificiality, between the instant and eternity, between the apparent fragility and the consistence of the material.<\/h5>\n<h5 style=\"text-align: center;\">Annal\u00f9\u2019s artistic project goes beyond all the canons of nowadays art: her sculpture imposes itself in all three dimensions and appears as absolutely, incontrovertibly liquid.<\/h5>\n[\/vc_column_text][vc_separator][vc_single_image image=&#8221;14878&#8243; img_size=&#8221;450&#215;525&#8243; alignment=&#8221;center&#8221; onclick=&#8221;custom_link&#8221; img_link_target=&#8221;_blank&#8221; link=&#8221;https:\/\/www.alem.com.tr\/foto-galeri\/2023-contemporary-istanbul-edisyonunda-neler-oluyor-1082124&#8243;][vc_column_text][\/vc_column_text][\/vc_column][\/vc_row][vc_row][vc_column][vc_column_text]\n<h1 style=\"text-align: center;\">Photogallery<\/h1>\n\r\n\t\t\t\t\t\n\r\n\t\t\t\t\t<!-- START UNITE GALLERY 1.7.53 -->\r\n\t\t\t\t\t\r\n\t\t\t\t\n\t\t\t<div id='unitegallery_332_1' class='unite-gallery' style='margin:0px auto;'>\n\t\t\t\t\n\n\t\t\t\t\t\t<img alt=\"IMG_2831\"\n\t\t\t\t\t\t     src=\"\" data-image=\"https:\/\/www.annalu.it\/wp-content\/uploads\/2023\/10\/IMG_2831-scaled.jpg\"\n\t\t\t\t\t\t     data-thumb=\"https:\/\/www.annalu.it\/wp-content\/uploads\/2023\/10\/IMG_2831-225x300.jpg\"\n\t\t\t\t\t\t     title=\"\"\n\t\t\t\t\t\t     style=\"display:none\">\n\n\t\t\t\t\t\t<img alt=\"IMG_2828\"\n\t\t\t\t\t\t     src=\"\" data-image=\"https:\/\/www.annalu.it\/wp-content\/uploads\/2023\/10\/IMG_2828-scaled.jpg\"\n\t\t\t\t\t\t     data-thumb=\"https:\/\/www.annalu.it\/wp-content\/uploads\/2023\/10\/IMG_2828-219x300.jpg\"\n\t\t\t\t\t\t     title=\"\"\n\t\t\t\t\t\t     style=\"display:none\">\n\n\t\t\t\t\t\t<img alt=\"IMG_2800\"\n\t\t\t\t\t\t     src=\"\" data-image=\"https:\/\/www.annalu.it\/wp-content\/uploads\/2023\/10\/IMG_2800-scaled.jpg\"\n\t\t\t\t\t\t     data-thumb=\"https:\/\/www.annalu.it\/wp-content\/uploads\/2023\/10\/IMG_2800-225x300.jpg\"\n\t\t\t\t\t\t     title=\"\"\n\t\t\t\t\t\t     style=\"display:none\">\n\n\t\t\t\t\t\t<img alt=\"IMG_2797\"\n\t\t\t\t\t\t     src=\"\" data-image=\"https:\/\/www.annalu.it\/wp-content\/uploads\/2023\/10\/IMG_2797-scaled.jpg\"\n\t\t\t\t\t\t     data-thumb=\"https:\/\/www.annalu.it\/wp-content\/uploads\/2023\/10\/IMG_2797-245x300.jpg\"\n\t\t\t\t\t\t     title=\"\"\n\t\t\t\t\t\t     style=\"display:none\">\n\n\t\t\t\t\t\t<img alt=\"IMG_2791\"\n\t\t\t\t\t\t     src=\"\" data-image=\"https:\/\/www.annalu.it\/wp-content\/uploads\/2023\/10\/IMG_2791-scaled.jpg\"\n\t\t\t\t\t\t     data-thumb=\"https:\/\/www.annalu.it\/wp-content\/uploads\/2023\/10\/IMG_2791-225x300.jpg\"\n\t\t\t\t\t\t     title=\"\"\n\t\t\t\t\t\t     style=\"display:none\">\n\n\t\t\t\t\t\t<img alt=\"IMG_2776\"\n\t\t\t\t\t\t     src=\"\" data-image=\"https:\/\/www.annalu.it\/wp-content\/uploads\/2023\/10\/IMG_2776-scaled.jpg\"\n\t\t\t\t\t\t     data-thumb=\"https:\/\/www.annalu.it\/wp-content\/uploads\/2023\/10\/IMG_2776-205x300.jpg\"\n\t\t\t\t\t\t     title=\"\"\n\t\t\t\t\t\t     style=\"display:none\">\n\n\t\t\t\t\t\t<img alt=\"IMG_2774\"\n\t\t\t\t\t\t     src=\"\" data-image=\"https:\/\/www.annalu.it\/wp-content\/uploads\/2023\/10\/IMG_2774-scaled.jpg\"\n\t\t\t\t\t\t     data-thumb=\"https:\/\/www.annalu.it\/wp-content\/uploads\/2023\/10\/IMG_2774-225x300.jpg\"\n\t\t\t\t\t\t     title=\"\"\n\t\t\t\t\t\t     style=\"display:none\">\n\n\t\t\t\t\t\t<img alt=\"IMG_2758\"\n\t\t\t\t\t\t     src=\"\" data-image=\"https:\/\/www.annalu.it\/wp-content\/uploads\/2023\/10\/IMG_2758-scaled.jpg\"\n\t\t\t\t\t\t     data-thumb=\"https:\/\/www.annalu.it\/wp-content\/uploads\/2023\/10\/IMG_2758-225x300.jpg\"\n\t\t\t\t\t\t     title=\"\"\n\t\t\t\t\t\t     style=\"display:none\">\n\n\t\t\t\t\t\t<img alt=\"IMG_2734\"\n\t\t\t\t\t\t     src=\"\" data-image=\"https:\/\/www.annalu.it\/wp-content\/uploads\/2023\/10\/IMG_2734-scaled.jpg\"\n\t\t\t\t\t\t     data-thumb=\"https:\/\/www.annalu.it\/wp-content\/uploads\/2023\/10\/IMG_2734-225x300.jpg\"\n\t\t\t\t\t\t     title=\"\"\n\t\t\t\t\t\t     style=\"display:none\">\n\n\t\t\t\t\t\t<img alt=\"IMG_2733\"\n\t\t\t\t\t\t     src=\"\" data-image=\"https:\/\/www.annalu.it\/wp-content\/uploads\/2023\/10\/IMG_2733.jpg\"\n\t\t\t\t\t\t     data-thumb=\"https:\/\/www.annalu.it\/wp-content\/uploads\/2023\/10\/IMG_2733-215x300.jpg\"\n\t\t\t\t\t\t     title=\"\"\n\t\t\t\t\t\t     style=\"display:none\">\n\n\t\t\t\t\t\t<img alt=\"IMG_2854\"\n\t\t\t\t\t\t     src=\"\" data-image=\"https:\/\/www.annalu.it\/wp-content\/uploads\/2023\/10\/IMG_2854-scaled.jpg\"\n\t\t\t\t\t\t     data-thumb=\"https:\/\/www.annalu.it\/wp-content\/uploads\/2023\/10\/IMG_2854-225x300.jpg\"\n\t\t\t\t\t\t     title=\"\"\n\t\t\t\t\t\t     style=\"display:none\">\n\n\t\t\t\t\t\t<img alt=\"IMG_2841\"\n\t\t\t\t\t\t     src=\"\" data-image=\"https:\/\/www.annalu.it\/wp-content\/uploads\/2023\/10\/IMG_2841-scaled.jpg\"\n\t\t\t\t\t\t     data-thumb=\"https:\/\/www.annalu.it\/wp-content\/uploads\/2023\/10\/IMG_2841-225x300.jpg\"\n\t\t\t\t\t\t     title=\"\"\n\t\t\t\t\t\t     style=\"display:none\">\n\n\t\t\t\t\t\t<img alt=\"IMG_2842\"\n\t\t\t\t\t\t     src=\"\" data-image=\"https:\/\/www.annalu.it\/wp-content\/uploads\/2023\/10\/IMG_2842.jpg\"\n\t\t\t\t\t\t     data-thumb=\"https:\/\/www.annalu.it\/wp-content\/uploads\/2023\/10\/IMG_2842-207x300.jpg\"\n\t\t\t\t\t\t     title=\"\"\n\t\t\t\t\t\t     style=\"display:none\">\n\t\t\t<\/div>\n\n\t\t\t<script type='text\/javascript'>\n\t\t\t\twindow.onload = function(e) {\n\t\t\t\t\tif(typeof ugCheckForErrors == \"undefined\"){\n\t\t\t\t\t\tdocument.getElementById(\"unitegallery_332_1\").innerHTML = \"<span style='color:red'>Unite Gallery Error - gallery js and css files not included in the footer. Please make sure that wp_footer() function is added to your theme.<\/span>\";}\n\t\t\t\t\telse{ ugCheckForErrors(\"unitegallery_332_1\", \"jquery\");}\n\t\t\t\t};\n\t\t\t<\/script>\n\n\t\t\t<!-- END UNITEGALLERY -->[\/vc_column_text][\/vc_column][\/vc_row][vc_row][vc_column][vc_single_image image=&#8221;14755&#8243; img_size=&#8221;medium&#8221; alignment=&#8221;center&#8221; onclick=&#8221;custom_link&#8221; img_link_target=&#8221;_blank&#8221; link=&#8221;https:\/\/www.sconcigallery.net\/artists\/annalu\/&#8221;][\/vc_column][\/vc_row]\n<\/div>","protected":false},"excerpt":{"rendered":"<p>[vc_row curly_padding=&#8221;content-padding&#8221; css=&#8221;.vc_custom_1504195713546{padding-bottom: 0px !important;}&#8221;][vc_column][vc_column_text] DREAMLIKE Solo Show &#8211; Sconci Gallery Contemporary Istanbul 26 September &#8211; 1\u00a0October\u00a02023 BOOTH T17-13 [\/vc_column_text][\/vc_column][\/vc_row][vc_row][vc_column][vc_column_text] Contemporary Istanbul is the leading art fair in the region and a major platform connecting artists, galleries, and collectors from around the world. Launched in 2006, it is committed to showcasing exceptional contemporary art and advancing new ideas. Strongly rooted [&hellip;]<\/p>\n","protected":false},"author":6,"featured_media":0,"parent":0,"menu_order":0,"comment_status":"closed","ping_status":"closed","template":"","meta":{"_acf_changed":false,"_monsterinsights_skip_tracking":false,"_monsterinsights_sitenote_active":false,"_monsterinsights_sitenote_note":"","_monsterinsights_sitenote_category":0,"footnotes":""},"class_list":["post-14812","page","type-page","status-publish","hentry"],"acf":[],"yoast_head":"<!-- This site is optimized with the Yoast SEO plugin v27.3 - https:\/\/yoast.com\/product\/yoast-seo-wordpress\/ -->\n<title>18th CONTEMPORARY ISTANBUL - Annal\u00f9<\/title>\n<meta name=\"robots\" content=\"index, follow, max-snippet:-1, max-image-preview:large, max-video-preview:-1\" \/>\n<link rel=\"canonical\" href=\"https:\/\/www.annalu.it\/en\/18th-contemporary-istanbul\/\" \/>\n<meta property=\"og:locale\" content=\"en_US\" \/>\n<meta property=\"og:type\" content=\"article\" \/>\n<meta property=\"og:title\" content=\"18th CONTEMPORARY ISTANBUL - Annal\u00f9\" \/>\n<meta property=\"og:description\" content=\"[vc_row curly_padding=&#8221;content-padding&#8221; css=&#8221;.vc_custom_1504195713546{padding-bottom: 0px !important;}&#8221;][vc_column][vc_column_text] DREAMLIKE Solo Show &#8211; Sconci Gallery Contemporary Istanbul 26 September &#8211; 1\u00a0October\u00a02023 BOOTH T17-13 [\/vc_column_text][\/vc_column][\/vc_row][vc_row][vc_column][vc_column_text] Contemporary Istanbul is the leading art fair in the region and a major platform connecting artists, galleries, and collectors from around the world. Launched in 2006, it is committed to showcasing exceptional contemporary art and advancing new ideas. Strongly rooted [&hellip;]\" \/>\n<meta property=\"og:url\" content=\"https:\/\/www.annalu.it\/en\/18th-contemporary-istanbul\/\" \/>\n<meta property=\"og:site_name\" content=\"Annal\u00f9\" \/>\n<meta property=\"article:modified_time\" content=\"2023-10-13T10:27:41+00:00\" \/>\n<meta name=\"twitter:card\" content=\"summary_large_image\" \/>\n<meta name=\"twitter:label1\" content=\"Est. reading time\" \/>\n\t<meta name=\"twitter:data1\" content=\"3 minutes\" \/>\n<script type=\"application\/ld+json\" class=\"yoast-schema-graph\">{\"@context\":\"https:\\\/\\\/schema.org\",\"@graph\":[{\"@type\":\"WebPage\",\"@id\":\"https:\\\/\\\/www.annalu.it\\\/en\\\/18th-contemporary-istanbul\\\/\",\"url\":\"https:\\\/\\\/www.annalu.it\\\/en\\\/18th-contemporary-istanbul\\\/\",\"name\":\"18th CONTEMPORARY ISTANBUL - Annal\u00f9\",\"isPartOf\":{\"@id\":\"https:\\\/\\\/www.annalu.it\\\/en\\\/#website\"},\"datePublished\":\"2023-10-13T10:26:18+00:00\",\"dateModified\":\"2023-10-13T10:27:41+00:00\",\"breadcrumb\":{\"@id\":\"https:\\\/\\\/www.annalu.it\\\/en\\\/18th-contemporary-istanbul\\\/#breadcrumb\"},\"inLanguage\":\"en-US\",\"potentialAction\":[{\"@type\":\"ReadAction\",\"target\":[\"https:\\\/\\\/www.annalu.it\\\/en\\\/18th-contemporary-istanbul\\\/\"]}]},{\"@type\":\"BreadcrumbList\",\"@id\":\"https:\\\/\\\/www.annalu.it\\\/en\\\/18th-contemporary-istanbul\\\/#breadcrumb\",\"itemListElement\":[{\"@type\":\"ListItem\",\"position\":1,\"name\":\"Home\",\"item\":\"https:\\\/\\\/www.annalu.it\\\/en\\\/\"},{\"@type\":\"ListItem\",\"position\":2,\"name\":\"18th CONTEMPORARY ISTANBUL\"}]},{\"@type\":\"WebSite\",\"@id\":\"https:\\\/\\\/www.annalu.it\\\/en\\\/#website\",\"url\":\"https:\\\/\\\/www.annalu.it\\\/en\\\/\",\"name\":\"Annal\u00f9\",\"description\":\"\",\"publisher\":{\"@id\":\"https:\\\/\\\/www.annalu.it\\\/en\\\/#organization\"},\"potentialAction\":[{\"@type\":\"SearchAction\",\"target\":{\"@type\":\"EntryPoint\",\"urlTemplate\":\"https:\\\/\\\/www.annalu.it\\\/en\\\/?s={search_term_string}\"},\"query-input\":{\"@type\":\"PropertyValueSpecification\",\"valueRequired\":true,\"valueName\":\"search_term_string\"}}],\"inLanguage\":\"en-US\"},{\"@type\":\"Organization\",\"@id\":\"https:\\\/\\\/www.annalu.it\\\/en\\\/#organization\",\"name\":\"Annal\u00f9 Boeretto\",\"alternateName\":\"Annal\u00f9 Boeretto\",\"url\":\"https:\\\/\\\/www.annalu.it\\\/en\\\/\",\"logo\":{\"@type\":\"ImageObject\",\"inLanguage\":\"en-US\",\"@id\":\"https:\\\/\\\/www.annalu.it\\\/en\\\/#\\\/schema\\\/logo\\\/image\\\/\",\"url\":\"https:\\\/\\\/www.annalu.it\\\/wp-content\\\/uploads\\\/2020\\\/07\\\/logo-2x-1.png\",\"contentUrl\":\"https:\\\/\\\/www.annalu.it\\\/wp-content\\\/uploads\\\/2020\\\/07\\\/logo-2x-1.png\",\"width\":300,\"height\":166,\"caption\":\"Annal\u00f9 Boeretto\"},\"image\":{\"@id\":\"https:\\\/\\\/www.annalu.it\\\/en\\\/#\\\/schema\\\/logo\\\/image\\\/\"}}]}<\/script>\n<!-- \/ Yoast SEO plugin. -->","yoast_head_json":{"title":"18th CONTEMPORARY ISTANBUL - Annal\u00f9","robots":{"index":"index","follow":"follow","max-snippet":"max-snippet:-1","max-image-preview":"max-image-preview:large","max-video-preview":"max-video-preview:-1"},"canonical":"https:\/\/www.annalu.it\/en\/18th-contemporary-istanbul\/","og_locale":"en_US","og_type":"article","og_title":"18th CONTEMPORARY ISTANBUL - Annal\u00f9","og_description":"[vc_row curly_padding=&#8221;content-padding&#8221; css=&#8221;.vc_custom_1504195713546{padding-bottom: 0px !important;}&#8221;][vc_column][vc_column_text] DREAMLIKE Solo Show &#8211; Sconci Gallery Contemporary Istanbul 26 September &#8211; 1\u00a0October\u00a02023 BOOTH T17-13 [\/vc_column_text][\/vc_column][\/vc_row][vc_row][vc_column][vc_column_text] Contemporary Istanbul is the leading art fair in the region and a major platform connecting artists, galleries, and collectors from around the world. Launched in 2006, it is committed to showcasing exceptional contemporary art and advancing new ideas. Strongly rooted [&hellip;]","og_url":"https:\/\/www.annalu.it\/en\/18th-contemporary-istanbul\/","og_site_name":"Annal\u00f9","article_modified_time":"2023-10-13T10:27:41+00:00","twitter_card":"summary_large_image","twitter_misc":{"Est. reading time":"3 minutes"},"schema":{"@context":"https:\/\/schema.org","@graph":[{"@type":"WebPage","@id":"https:\/\/www.annalu.it\/en\/18th-contemporary-istanbul\/","url":"https:\/\/www.annalu.it\/en\/18th-contemporary-istanbul\/","name":"18th CONTEMPORARY ISTANBUL - Annal\u00f9","isPartOf":{"@id":"https:\/\/www.annalu.it\/en\/#website"},"datePublished":"2023-10-13T10:26:18+00:00","dateModified":"2023-10-13T10:27:41+00:00","breadcrumb":{"@id":"https:\/\/www.annalu.it\/en\/18th-contemporary-istanbul\/#breadcrumb"},"inLanguage":"en-US","potentialAction":[{"@type":"ReadAction","target":["https:\/\/www.annalu.it\/en\/18th-contemporary-istanbul\/"]}]},{"@type":"BreadcrumbList","@id":"https:\/\/www.annalu.it\/en\/18th-contemporary-istanbul\/#breadcrumb","itemListElement":[{"@type":"ListItem","position":1,"name":"Home","item":"https:\/\/www.annalu.it\/en\/"},{"@type":"ListItem","position":2,"name":"18th CONTEMPORARY ISTANBUL"}]},{"@type":"WebSite","@id":"https:\/\/www.annalu.it\/en\/#website","url":"https:\/\/www.annalu.it\/en\/","name":"Annal\u00f9","description":"","publisher":{"@id":"https:\/\/www.annalu.it\/en\/#organization"},"potentialAction":[{"@type":"SearchAction","target":{"@type":"EntryPoint","urlTemplate":"https:\/\/www.annalu.it\/en\/?s={search_term_string}"},"query-input":{"@type":"PropertyValueSpecification","valueRequired":true,"valueName":"search_term_string"}}],"inLanguage":"en-US"},{"@type":"Organization","@id":"https:\/\/www.annalu.it\/en\/#organization","name":"Annal\u00f9 Boeretto","alternateName":"Annal\u00f9 Boeretto","url":"https:\/\/www.annalu.it\/en\/","logo":{"@type":"ImageObject","inLanguage":"en-US","@id":"https:\/\/www.annalu.it\/en\/#\/schema\/logo\/image\/","url":"https:\/\/www.annalu.it\/wp-content\/uploads\/2020\/07\/logo-2x-1.png","contentUrl":"https:\/\/www.annalu.it\/wp-content\/uploads\/2020\/07\/logo-2x-1.png","width":300,"height":166,"caption":"Annal\u00f9 Boeretto"},"image":{"@id":"https:\/\/www.annalu.it\/en\/#\/schema\/logo\/image\/"}}]}},"_links":{"self":[{"href":"https:\/\/www.annalu.it\/en\/wp-json\/wp\/v2\/pages\/14812","targetHints":{"allow":["GET"]}}],"collection":[{"href":"https:\/\/www.annalu.it\/en\/wp-json\/wp\/v2\/pages"}],"about":[{"href":"https:\/\/www.annalu.it\/en\/wp-json\/wp\/v2\/types\/page"}],"author":[{"embeddable":true,"href":"https:\/\/www.annalu.it\/en\/wp-json\/wp\/v2\/users\/6"}],"replies":[{"embeddable":true,"href":"https:\/\/www.annalu.it\/en\/wp-json\/wp\/v2\/comments?post=14812"}],"version-history":[{"count":3,"href":"https:\/\/www.annalu.it\/en\/wp-json\/wp\/v2\/pages\/14812\/revisions"}],"predecessor-version":[{"id":14895,"href":"https:\/\/www.annalu.it\/en\/wp-json\/wp\/v2\/pages\/14812\/revisions\/14895"}],"wp:attachment":[{"href":"https:\/\/www.annalu.it\/en\/wp-json\/wp\/v2\/media?parent=14812"}],"curies":[{"name":"wp","href":"https:\/\/api.w.org\/{rel}","templated":true}]}}